{"id":50329,"date":"2018-03-19T13:27:15","date_gmt":"2018-03-19T12:27:15","guid":{"rendered":"http:\/\/raveslut.de\/?page_id=50329"},"modified":"2025-10-04T12:42:34","modified_gmt":"2025-10-04T10:42:34","slug":"band","status":"publish","type":"page","link":"https:\/\/raveslut.de\/index.php\/band\/","title":{"rendered":"Band"},"content":{"rendered":"<p>[et_pb_section fb_built=&#8220;1&#8243; background_color=&#8220;#000000&#8243; _builder_version=&#8220;3.0.106&#8243; custom_padding=&#8220;7rem||43px|&#8220; custom_css_after=&#8220;content: &#8220;;|| position: absolute;|| width: 6px;|| background-color: #e02b20;|| top: 0;|| bottom: 0;|| left: 50%;|| margin-left: -3px;&#8220;][et_pb_row _builder_version=&#8220;3.0.106&#8243;][et_pb_column type=&#8220;2_3&#8243; _builder_version=&#8220;3.0.47&#8243; parallax=&#8220;off&#8220; parallax_method=&#8220;on&#8220;][et_pb_text _builder_version=&#8220;3.0.106&#8243; custom_padding=&#8220;|||50px&#8220;]<\/p>\n<p style=\"text-align: left;\"><strong><a href=\"https:\/\/raveslut.de\/index.php\/band-english\/\">CLICK HERE FOR THE ENGLISH VERSION.<\/a><\/strong><\/p>\n<p>[\/et_pb_text][\/et_pb_column][et_pb_column type=&#8220;1_3&#8243; _builder_version=&#8220;3.0.47&#8243; parallax=&#8220;off&#8220; parallax_method=&#8220;on&#8220;][\/et_pb_column][\/et_pb_row][et_pb_row _builder_version=&#8220;3.0.106&#8243; custom_css_main_element=&#8220;padding-bottom: 0px;&#8220;][et_pb_column type=&#8220;2_3&#8243; _builder_version=&#8220;3.0.47&#8243; parallax=&#8220;off&#8220; parallax_method=&#8220;on&#8220;][et_pb_text _builder_version=&#8220;3.0.106&#8243; background_color=&#8220;#2a3434&#8243; custom_padding=&#8220;50px|50px|50px|50px&#8220;]<\/p>\n<h1>BIOGRAFIE \u2013 RAVESLUT<\/h1>\n<p>&nbsp;<\/p>\n<p><span class=\"wpaicg-chat-message\" id=\"wpaicg-chat-message-59782\">Raveslut ist eine dreik\u00f6pfige Band aus Regensburg, die soziale Kritik mit Einfl\u00fcssen aus Rock, Metal und Punk kombiniert. Ihre Musik zeichnet sich durch dynamische Riffs, Tempowechsel und viel Energie aus. Lyrisch besch\u00e4ftigen sie sich mit pers\u00f6nlichen Erlebnissen und gesellschaftlichen Themen, wobei sie eine Mischung aus aggressivem Humor und scharfz\u00fcngigem Kommentar bieten. Gegr\u00fcndet wurde die Band von Thomas (Songwriter, Leads\u00e4nger, Bassist), und ihre ersten Songs umfassen \u201eCircus of Horror\u201c, eine Metapher f\u00fcr das Chaos der Gesellschaft, \u201eCocaine Banana\u201c, ein Song \u00fcber eine Kokain-entdeckung in einem deutschen Supermarkt, und \u201eRaveslut\u201c, ein Selbstportr\u00e4t sowie ein humorvoller Seitenhieb auf den Aufstieg der elektronischen Musik. Insgesamt hat die Band 120 Konzerte in Deutschland, \u00d6sterreich, Uruguay und Argentinien gespielt.<\/span><\/p>\n<p>________________________________________________________________________________<\/p>\n<p>Der Name \u201eRaveslut\u201c ist eine k\u00fcnstlerische Auseinandersetzung mit dieser Haltung und handelt nicht von Frauen im \u2028Allgemeinen, sondern von uns als Band, die sich in einem Kontext von Feierkultur, Freiheit und Selbstentfaltung bewegt. \u2028Der Text \u201eNever trust a raveslut\u201c ist eine Ironie, die darauf hinweist, dass wir uns selbst nicht allzu ernst nehmen \u2028und die Erwartungen der Gesellschaft an uns hinterfragen \u2013 es geht nicht darum, eine bestimmte Person oder Frauen\u2028 herabzuw\u00fcrdigen.<\/p>\n<p>Wir verstehen, dass die provokante Art unserer Musik und Videos f\u00fcr manche Menschen problematisch sein kann \u2028und respektieren, wenn diese Inhalte kritisiert werden. Wir m\u00f6chten jedoch betonen, dass wir als Band niemals \u2028Frauenfeindlichkeit oder Gewalt in irgendeiner Form unterst\u00fctzen oder f\u00f6rdern. Unsere Absicht ist es, mit unseren \u2028Inhalten Diskussionen anzuregen und kritische Reflexionen \u00fcber gesellschaftliche Normen zu erm\u00f6glichen.<\/p>\n<p>&nbsp;<\/p>\n<p>[\/et_pb_text][\/et_pb_column][et_pb_column type=&#8220;1_3&#8243; _builder_version=&#8220;3.0.47&#8243; parallax=&#8220;off&#8220; parallax_method=&#8220;on&#8220;][\/et_pb_column][\/et_pb_row][\/et_pb_section][et_pb_section fb_built=&#8220;1&#8243; background_color=&#8220;#000000&#8243; _builder_version=&#8220;3.0.106&#8243; custom_css_after=&#8220;content: &#8220;;|| position: absolute;|| width: 6px;|| background-color: #e02b20;|| top: 0;|| bottom: 0;|| left: 50%;|| margin-left: -3px;&#8220;][et_pb_row _builder_version=&#8220;3.0.106&#8243; custom_css_main_element=&#8220;padding-bottom: 0px;||padding-top: 0px;&#8220;][et_pb_column type=&#8220;1_3&#8243; _builder_version=&#8220;3.0.47&#8243; parallax=&#8220;off&#8220; parallax_method=&#8220;on&#8220;][\/et_pb_column][et_pb_column type=&#8220;2_3&#8243; _builder_version=&#8220;3.0.47&#8243; parallax=&#8220;off&#8220; parallax_method=&#8220;on&#8220;][et_pb_text _builder_version=&#8220;3.0.106&#8243; background_color=&#8220;#2a3434&#8243; custom_padding=&#8220;50px|50px|50px|50px&#8220;]<\/p>\n<h2>(2015- 2017)<\/h2>\n<p>Im Juni 2015 nahm Raveslut ihre erste EP in Posen, Polen, auf, doch aufgrund von<br \/>Qualit\u00e4tsproblemen wurde diese nie ver\u00f6ffentlicht. Der erste Liveauftritt der Band <br \/>fand im Dezember 2015 in der Alten M\u00e4lzerei in Regensburg statt, gefolgt von mehreren kleineren Gigs bis Mitte 2016. Im November 2016 nahmen sie ihr Deb\u00fctalbum \u201eCritical Error\u201c auf, das im Januar 2017 ver\u00f6ffentlicht wurde. Im Sommer 2017 ersetzte Alex Alan am Schlagzeug. Das erste Musikvideo, \u201eWhat the Fuck, What Is Up!\u201c, wurde im Dezember 2017 ver\u00f6ffentlicht.<\/p>\n<p>\u00a0<\/p>\n<h2>(2018- 2020)<\/h2>\n<p>Anfang 2018 unterschrieb Raveslut bei Boersma Records, trennten sich jedoch aufgrund fortw\u00e4hrender Probleme und gr\u00fcndeten ihr eigenes Label, CauseHammer Records. Im Juli 2019 ver\u00f6ffentlichte die Band ihr zweites Musikvideo \u201eForbidden Bitch\u201c und im Oktober 2019 erschien das zweite Album \u201eNo Escape\u201c. Kurz nach dem Albumrelease wurde Alex aus der Band geworfen, und ein Ersatzschlagzeuger spielte einige Gigs, bevor die Pandemie 2020 zu Absagen f\u00fchrte<\/p>\n<p>\u00a0<\/p>\n<h2>(2020-2023)<\/h2>\n<p>W\u00e4hrend der Covid-19-Pandemie entschied sich Markus (Kaiser), von der B\u00fchen zur\u00fcck-zuziehen und verst\u00e4rkt hinter den Kulissen zu arbeiten. Tobi \u00fcbernahm die Gitarre, und Sebastian stie\u00df als neuer Schlagzeuger zur Band. Die Band kehrte im Februar 2022 zur\u00fcck auf die B\u00fchne und spielte eine Reihe von Last-Minute-Gigs bis September 2023. Ende des Jahres ver\u00f6ffentlichten Raveslut ihr drittes Album \u201eHead to Head\u201c.<\/p>\n<p>\u00a0<\/p>\n<h2>(2023-2025)<\/h2>\n<p><span class=\"wpaicg-chat-message\" id=\"wpaicg-chat-message-64874\">Nach der Ver\u00f6ffentlichung von Head to Head begann die Band mit zahlreichen Auftritten, unter anderem mit Stepfather Fred, Zona84 und den Argies in Deutschland. Zum zehnj\u00e4hrigen Jubil\u00e4um folgte die El Fuego R\u00e1pido Tour 2025, eine Reise, die Argentinien, Uruguay und Deutschland verband und den Aufruf aus S\u00fcdamerika umspannte, der sich \u00fcber die Fans verbreitete. Insgesamt gab es 15 Konzerte in S\u00fcdamerika.<\/span><\/p>\n<p>[\/et_pb_text][\/et_pb_column][\/et_pb_row][\/et_pb_section][et_pb_section fb_built=&#8220;1&#8243; background_color=&#8220;#000000&#8243; disabled_on=&#8220;on||&#8220; _builder_version=&#8220;3.0.106&#8243; custom_css_after=&#8220;content: &#8220;;|| position: absolute;|| width: 6px;|| background-color: #e02b20;|| top: 0;|| bottom: 0;|| left: 50%;|| margin-left: -3px;&#8220;][et_pb_row _builder_version=&#8220;3.0.106&#8243; custom_css_main_element=&#8220;padding-top: 0px;||padding-bottom: 0px;&#8220;][et_pb_column type=&#8220;2_3&#8243; _builder_version=&#8220;3.0.47&#8243; parallax=&#8220;off&#8220; parallax_method=&#8220;on&#8220;][et_pb_text _builder_version=&#8220;3.0.106&#8243; background_color=&#8220;#2a3434&#8243; custom_padding=&#8220;50px|50px|50px|50px&#8220; custom_css_before=&#8220;.entry-content {||border-top: none;||padding: 0px!important;||}&#8220; custom_css_main_element=&#8220;table, th, td {|| border: none!important;||border-top: none!important;||padding: 0px!important;||}||||.entry-content {||border-top: none;||padding: 0px!important;||}||||h2 {||padding-top: 1.1rem;||}&#8220; custom_css_after=&#8220;.entry-content {||border-top: none;||padding: 0px!important;||}&#8220;]<\/p>\n<h2>Aktuelle Besetzung<\/h2>\n<table>\n<tbody>\n<tr>\n<td>Thomas<\/td>\n<td>Bass\/ Gesang<\/td>\n<\/tr>\n<tr>\n<td>Tobi<\/td>\n<td>Gitarre\/ Hintergrundgesang<\/td>\n<\/tr>\n<tr>\n<td>Flo<\/td>\n<td>Drums<\/td>\n<\/tr>\n<\/tbody>\n<\/table>\n<h2>Gr\u00fcndungsmitglieder<\/h2>\n<table>\n<tbody>\n<tr>\n<td>Thomas<\/td>\n<td>Bass\/Gesang<\/td>\n<\/tr>\n<tr>\n<td>Markus<\/td>\n<td>Gitarre\/ Hintergrundgesang (2015)<\/td>\n<\/tr>\n<\/tbody>\n<\/table>\n<h2>Ehemalige Mitglieder<\/h2>\n<table>\n<tbody>\n<tr>\n<td style=\"width: 150.483px;\">Markus<\/td>\n<td style=\"width: 516.8px;\">Gitarre\/Hintergrundgesang (2015 \u2013 2021)<\/td>\n<\/tr>\n<tr>\n<td style=\"width: 150.483px;\">Allan<\/td>\n<td style=\"width: 516.8px;\">Drums (bis 2017)<\/td>\n<\/tr>\n<tr>\n<td style=\"width: 150.483px;\">\n<p>Alex<\/p>\n<\/td>\n<td style=\"width: 516.8px;\">\n<p>Drums (2017 \u2013 2019)<\/p>\n<\/td>\n<\/tr>\n<\/tbody>\n<\/table>\n<p>\u00a0<\/p>\n<p>[\/et_pb_text][et_pb_counters _builder_version=&#8220;3.0.106&#8243;][\/et_pb_counters][\/et_pb_column][et_pb_column type=&#8220;1_3&#8243; _builder_version=&#8220;3.0.47&#8243; parallax=&#8220;off&#8220; parallax_method=&#8220;on&#8220;][\/et_pb_column][\/et_pb_row][\/et_pb_section][et_pb_section fb_built=&#8220;1&#8243; background_color=&#8220;#000000&#8243; disabled_on=&#8220;|on|on&#8220; _builder_version=&#8220;3.0.106&#8243; custom_css_after=&#8220;content: &#8220;;|| position: absolute;|| width: 6px;|| background-color: #e02b20;|| top: 0;|| bottom: 0;|| left: 50%;|| margin-left: -3px;&#8220;][et_pb_row _builder_version=&#8220;3.0.106&#8243; custom_css_main_element=&#8220;padding-top: 0px;||padding-bottom: 0px;&#8220;][et_pb_column type=&#8220;2_3&#8243; _builder_version=&#8220;3.0.47&#8243; parallax=&#8220;off&#8220; parallax_method=&#8220;on&#8220;][et_pb_text _builder_version=&#8220;3.0.106&#8243; background_color=&#8220;#2a3434&#8243; custom_padding=&#8220;50px|50px|50px|50px&#8220; custom_css_before=&#8220;.entry-content {||border-top: none;||padding: 0px!important;||}&#8220; custom_css_main_element=&#8220;table, th, td {|| border: none!important;||border-top: none!important;||padding: 0px!important;||}||||.entry-content {||border-top: none;||padding: 0px!important;||}||||h2 {||padding-top: 1.1rem;||}&#8220; custom_css_after=&#8220;.entry-content {||border-top: none;||padding: 0px!important;||}&#8220;]<\/p>\n<h2>Aktuelle Besetzung<\/h2>\n<p><strong>Thomas<\/strong><br \/> Bass \/ Gesang<br \/> <strong>Tobi<\/strong><br \/> Gitarre \/ Hintergrundgesang<br \/> <strong>Flo<\/strong><br \/> Drums<\/p>\n<h2>Gr\u00fcndungsmitglieder<\/h2>\n<p><strong>Thomas<\/strong><br \/> Bass \/ Gesang<br \/> <strong>Markus<\/strong><br \/> Gitarre \/ Hintergrundgesang (seit 2015)<\/p>\n<h2>Ehemalige Mitglieder<\/h2>\n<p><strong>Markus<\/strong><br \/> Gitarre \/ Hintergrundgesang (seit 2015)<br \/> <strong>Allan<\/strong><br \/> Drums (bis 2017)<br \/> <strong>Alex<\/strong><br \/> Drums (2017-2019)<\/p>\n<p>[\/et_pb_text][\/et_pb_column][et_pb_column type=&#8220;1_3&#8243; _builder_version=&#8220;3.0.47&#8243; parallax=&#8220;off&#8220; parallax_method=&#8220;on&#8220;][\/et_pb_column][\/et_pb_row][\/et_pb_section][et_pb_section fb_built=&#8220;1&#8243; background_color=&#8220;#000000&#8243; _builder_version=&#8220;3.0.106&#8243; custom_css_after=&#8220;content: &#8220;;|| position: absolute;|| width: 6px;|| background-color: #e02b20;|| top: 0;|| bottom: 0;|| left: 50%;|| margin-left: -3px;&#8220;][et_pb_row _builder_version=&#8220;3.0.47&#8243; background_size=&#8220;initial&#8220; background_position=&#8220;top_left&#8220; background_repeat=&#8220;repeat&#8220;][et_pb_column type=&#8220;4_4&#8243; _builder_version=&#8220;3.0.47&#8243; parallax=&#8220;off&#8220; parallax_method=&#8220;on&#8220;][et_pb_image src=&#8220;https:\/\/raveslut.de\/wp-content\/uploads\/2025\/07\/Bandfoto_2025-scaled.jpg&#8220; _builder_version=&#8220;3.0.106&#8243;][\/et_pb_image][\/et_pb_column][\/et_pb_row][\/et_pb_section]<\/p>\n","protected":false},"excerpt":{"rendered":"<p>Raveslut ist eine energiegeladene Punk- und Metal-Band aus Regensburg, die mit kraftvollen Riffs und provokanten Texten die B\u00fchne erobert. Ihre Musik ist laut, roh und kompromisslos \u2013 perfekt f\u00fcr Fans, die echte, ungesch\u00f6nte Kl\u00e4nge lieben.<\/p>\n","protected":false},"author":1,"featured_media":0,"parent":0,"menu_order":0,"comment_status":"closed","ping_status":"closed","template":"","meta":[],"_links":{"self":[{"href":"https:\/\/raveslut.de\/index.php\/wp-json\/wp\/v2\/pages\/50329"}],"collection":[{"href":"https:\/\/raveslut.de\/index.php\/wp-json\/wp\/v2\/pages"}],"about":[{"href":"https:\/\/raveslut.de\/index.php\/wp-json\/wp\/v2\/types\/page"}],"author":[{"embeddable":true,"href":"https:\/\/raveslut.de\/index.php\/wp-json\/wp\/v2\/users\/1"}],"replies":[{"embeddable":true,"href":"https:\/\/raveslut.de\/index.php\/wp-json\/wp\/v2\/comments?post=50329"}],"version-history":[{"count":128,"href":"https:\/\/raveslut.de\/index.php\/wp-json\/wp\/v2\/pages\/50329\/revisions"}],"predecessor-version":[{"id":52235,"href":"https:\/\/raveslut.de\/index.php\/wp-json\/wp\/v2\/pages\/50329\/revisions\/52235"}],"wp:attachment":[{"href":"https:\/\/raveslut.de\/index.php\/wp-json\/wp\/v2\/media?parent=50329"}],"curies":[{"name":"wp","href":"https:\/\/api.w.org\/{rel}","templated":true}]}}